{"id":1486,"date":"2026-01-20T12:11:11","date_gmt":"2026-01-20T12:11:11","guid":{"rendered":"https:\/\/bonuskongcasino.com\/login-and-registration\/"},"modified":"2026-01-20T15:36:41","modified_gmt":"2026-01-20T15:36:41","slug":"logowanie-i-rejestracja","status":"publish","type":"page","link":"https:\/\/bonuskongcasino.com\/pl\/logowanie-i-rejestracja\/","title":{"rendered":"Logowanie i rejestracja"},"content":{"rendered":"<h1>Bonuskong Login i Rejestracja<\/h1>\n<p>Bonuskong login zapewnia natychmiastowy dost\u0119p do kompletnego \u015brodowiska gier online. Dostarczamy zr\u00f3\u017cnicowan\u0105 bibliotek\u0119 gier, niezawodne opcje p\u0142atno\u015bci i profesjonaln\u0105 obs\u0142ug\u0119 klienta. Po zalogowaniu gracze odkrywaj\u0105 platform\u0119 skoncentrowan\u0105 na jako\u015bciowej rozrywce i bezpiecznej grze.<\/p>\n<p><div class=\"banner-wrap\" aria-label=\"Banner\"><img src=\"https:\/\/bonuskongcasino.com\/wp-content\/uploads\/2026\/01\/bonuskong-desktop.webp\" class=\"w-100 d-none d-lg-block img-pc main-banner-img\" alt=\"bonuskong desktop banner\" fetchpriority=\"high\" decoding=\"async\"><img src=\"https:\/\/bonuskongcasino.com\/wp-content\/uploads\/2026\/01\/Bonuskong-mobile-banner.webp\" class=\"w-100 d-none d-md-block d-lg-none main-banner-img\" alt=\"Bonuskong mobile banner\" fetchpriority=\"high\" decoding=\"async\"><img src=\"https:\/\/bonuskongcasino.com\/wp-content\/uploads\/2026\/01\/Bonuskong-mobile-banner.webp\" class=\"w-100 d-md-none\" alt=\"Bonuskong mobile banner\" fetchpriority=\"high\" decoding=\"async\"><div class=\"banner-description\">\n<div class=\"banner-title\">Bonusy powitalne<\/div>\n<p class=\"banner-header-title\">1500 \u20ac<\/p>\n<div class=\"banner-header-AdditionalText\">+ 250 Darmowe spiny<\/div>\n<button data-item=\"homepage_banner_link\" class=\"goto m-button m-gradient-border m-button--primary m-button--large banner-button btn-orange\">\n            <div class=\"m-button-content\">\n                <span>Zarejestruj si\u0119 teraz<\/span>\n                <span><\/span>\n            <\/div>\n        <\/button>\n<\/div>\n<div class=\"WelcomePack\">\n<p><img loading=\"lazy\" decoding=\"async\" class=\"alignnone size-full wp-image-1357\" src=\"https:\/\/bonuskongcasino.com\/wp-content\/uploads\/2026\/01\/welcome-crown.png\" alt=\"crown\" width=\"25\" height=\"26\" \/><\/p>\n<div class=\"WelcomePack-Info\">Cotygodniowy zwrot got\u00f3wki do 25%<\/div>\n<p><img loading=\"lazy\" decoding=\"async\" class=\"alignnone size-full wp-image-1357\" src=\"https:\/\/bonuskongcasino.com\/wp-content\/uploads\/2026\/01\/welcome-crown.png\" alt=\"crown\" width=\"25\" height=\"26\" \/><\/p>\n<\/div>\n<\/div><div class=\"scrollable-content-wrap my-5\"><div class=\"scrollable-content-inner\"><h2>Procedura Rejestracji Bonuskong<\/h2>\n<p>Otwarcie konta w Bonus Kong oznacza pocz\u0105tek Twojej podr\u00f3\u017cy przez nasz obszerny katalog gier. Platforma oferuje ponad 6000 tytu\u0142\u00f3w, od klasycznych automat\u00f3w po gry sto\u0142owe i do\u015bwiadczenia z krupierami na \u017cywo. Posiadacze kont zyskuj\u0105 mo\u017cliwo\u015b\u0107 zbierania bonus\u00f3w, uczestniczenia w turniejach, przetwarzania transakcji finansowych i dostosowywania swoich osobistych ustawie\u0144.<\/p>\n<p>Rejestracja w Bonuskong casino obejmuje prost\u0105 sekwencj\u0119 krok\u00f3w. Przycisk Zarejestruj si\u0119 pojawia si\u0119 w prawym g\u00f3rnym obszarze strony g\u0142\u00f3wnej. Klikni\u0119cie go ujawnia formularz rejestracyjny, gdzie wprowadzasz sw\u00f3j adres email i wybierasz bezpieczne has\u0142o. Silne has\u0142a zawieraj\u0105 mieszank\u0119 wielkich i ma\u0142ych liter wraz z cyframi i symbolami specjalnymi.<\/p>\n<p>Po przejrzeniu regulaminu i potwierdzeniu wieku 18 lat lub wi\u0119cej, wy\u015blij formularz. Link potwierdzaj\u0105cy dociera do Twojej skrzynki odbiorczej email wkr\u00f3tce potem. Aktywacja tego linku ko\u0144czy konfiguracj\u0119 konta Bonuskong.<\/p>\n<p>Dane osobowe takie jak pe\u0142ne imi\u0119 i nazwisko oraz data urodzenia mog\u0105 by\u0107 podane na p\u00f3\u017aniejszym etapie przez menu ustawie\u0144 konta. Ta struktura pozwala nowym graczom rozpocz\u0105\u0107 sesj\u0119 gry bez zb\u0119dnych op\u00f3\u017anie\u0144.<\/p>\n<h2>Kroki Bonuskong Login<\/h2>\n<p>Powracaj\u0105cy cz\u0142onkowie mog\u0105 uzyska\u0107 dost\u0119p do swojego konta Bonus Kong w ci\u0105gu sekund. Przycisk Bonuskong login znajduje si\u0119 w prawym g\u00f3rnym rogu strony g\u0142\u00f3wnej. Klikni\u0119cie go otwiera dwa pola wprowadzania \u017c\u0105daj\u0105ce Twojego zarejestrowanego adresu email i has\u0142a. Cz\u0142onkowie korzystaj\u0105cy z uwierzytelniania dwusk\u0142adnikowego musz\u0105 r\u00f3wnie\u017c poda\u0107 kod wygenerowany przez swoje urz\u0105dzenie mobilne lub aplikacj\u0119 uwierzytelniaj\u0105c\u0105. Po pomy\u015blnej weryfikacji system kieruje Ci\u0119 do Twojego osobistego panelu.<\/p>\n<p>Panel s\u0142u\u017cy jako centrum kontroli dla wszystkich dzia\u0142a\u0144 zwi\u0105zanych z kontem. Cz\u0142onkowie mog\u0105 wykonywa\u0107 nast\u0119puj\u0105ce czynno\u015bci:<\/p>\n<ul>\n<li>Aktualizacja danych osobowych i informacji adresowych<\/li>\n<li>Dodawanie lub usuwanie metod p\u0142atno\u015bci<\/li>\n<li>Aktywacja lub dezaktywacja uwierzytelniania dwusk\u0142adnikowego<\/li>\n<li>Przegl\u0105danie dziennik\u00f3w transakcji i historii bonus\u00f3w<\/li>\n<li>Przesy\u0142anie dokument\u00f3w do procesu weryfikacji<\/li>\n<\/ul>\n<p>Bonus Kong gwarantuje, \u017ce ka\u017cdy cz\u0142onek zachowuje pe\u0142n\u0105 kontrol\u0119 nad swoim profilem gracza. Nasz zesp\u00f3\u0142 wsparcia pozostaje dost\u0119pny przez czat na \u017cywo, gdy potrzebna jest pomoc.<\/p>\n<h3>Ochrona Twojego Konta<\/h3>\n<p>Bezpiecze\u0144stwo konta znajduje si\u0119 w centrum naszych operacji w Bonuskong. Platforma stosuje kilka \u015brodk\u00f3w ochronnych, aby utrzyma\u0107 bezpiecze\u0144stwo informacji u\u017cytkownik\u00f3w i \u015brodk\u00f3w.<\/p>\n<table>\n<tbody>\n<tr>\n<td>Aspekt<\/td>\n<td>Szczeg\u00f3\u0142y<\/td>\n<\/tr>\n<tr>\n<td>Bezpiecze\u0144stwo Platformy<\/td>\n<td>Szyfrowanie SSL 256-bit, uwierzytelnianie dwusk\u0142adnikowe, protok\u00f3\u0142 HTTPS, szyfrowana transmisja danych, zgodno\u015b\u0107 z RODO, licencjonowane oprogramowanie, certyfikowany RNG<\/td>\n<\/tr>\n<tr>\n<td>Obs\u0142uga Klienta<\/td>\n<td>Wieloj\u0119zyczne wsparcie, czat na \u017cywo i pomoc email dost\u0119pne 24\/7<\/td>\n<\/tr>\n<tr>\n<td>Wymagania Rejestracji<\/td>\n<td>Wa\u017cny adres email, potwierdzenie wieku, dane osobowe na \u017c\u0105danie<\/td>\n<\/tr>\n<tr>\n<td>Proces Weryfikacji<\/td>\n<td>Przes\u0142anie dokument\u00f3w to\u017csamo\u015bci, przegl\u0105d zako\u0144czony w ci\u0105gu 24-48 godzin<\/td>\n<\/tr>\n<\/tbody>\n<\/table>\n<p>Proces weryfikacji odgrywa kluczow\u0105 rol\u0119 w utrzymaniu integralno\u015bci platformy. Bonuskong wymaga od cz\u0142onk\u00f3w uko\u0144czenia kilku krok\u00f3w, aby potwierdzi\u0107 swoj\u0105 to\u017csamo\u015b\u0107. Najpierw prze\u015blij dokument to\u017csamo\u015bci taki jak paszport, dow\u00f3d osobisty lub prawo jazdy. Nast\u0119pnie dostarcz dow\u00f3d adresu poprzez rachunek za media, wyci\u0105g bankowy lub za\u015bwiadczenie o zameldowaniu. Weryfikacja selfie s\u0142u\u017cy jako \u015brodek przeciwdzia\u0142aj\u0105cy oszustwom, aby potwierdzi\u0107, \u017ce Twoja twarz pasuje do przes\u0142anego dokumentu to\u017csamo\u015bci. Dla potwierdzenia w\u0142asno\u015bci metody p\u0142atno\u015bci prze\u015blij zdj\u0119cie swojej karty bankowej lub zrzut ekranu konta e-portfela. Wszystkie dokumenty s\u0105 przesy\u0142ane przez sekcj\u0119 weryfikacji konta.<\/p>\n<table>\n<tbody>\n<tr>\n<td>Typ Dokumentu<\/td>\n<td>Przyk\u0142ady<\/td>\n<\/tr>\n<tr>\n<td>Dokument To\u017csamo\u015bci<\/td>\n<td>Paszport, dow\u00f3d osobisty, prawo jazdy<\/td>\n<\/tr>\n<tr>\n<td>Dow\u00f3d Adresu<\/td>\n<td>Rachunek za media, wyci\u0105g bankowy, za\u015bwiadczenie o zameldowaniu<\/td>\n<\/tr>\n<tr>\n<td>Dow\u00f3d Metody P\u0142atno\u015bci<\/td>\n<td>Zdj\u0119cie karty bankowej, zrzut ekranu e-portfela, wyci\u0105g bankowy<\/td>\n<\/tr>\n<\/tbody>\n<\/table>\n<p>Nasz zesp\u00f3\u0142 wsparcia bada ka\u017cde zg\u0142oszenie w ci\u0105gu 24-48 godzin i kontaktuje si\u0119, je\u015bli potrzebna jest dodatkowa dokumentacja. Pomy\u015blna weryfikacja w\u0142\u0105cza mo\u017cliwo\u015bci wyp\u0142at i wzmacnia bezpiecze\u0144stwo konta.<\/p>\n<p>Informacje przesy\u0142ane przez platform\u0119 Bonus Kong korzystaj\u0105 z ci\u0105g\u0142ego szyfrowania. Uwierzytelnianie dwusk\u0142adnikowe tworzy dodatkow\u0105 przeszkod\u0119 przeciwko nieautoryzowanym pr\u00f3bom dost\u0119pu. Zdecydowanie zalecamy aktywacj\u0119 tej opcji w ustawieniach konta.<\/p>\n<h2>Zablokowane lub Zawieszone Konta<\/h2>\n<p>Tymczasowe ograniczenia konta mog\u0105 wyst\u0105pi\u0107 w okre\u015blonych okoliczno\u015bciach. Wielokrotne nieudane pr\u00f3by logowania powy\u017cej dozwolonego progu aktywuj\u0105 automatyczn\u0105 blokad\u0119 bezpiecze\u0144stwa. Nietypowe zachowanie konta oznaczone przez nasze narz\u0119dzia monitoruj\u0105ce mo\u017ce wywo\u0142a\u0107 tymczasowe zawieszenie. Niekompletna weryfikacja to\u017csamo\u015bci lub zaleg\u0142e \u017c\u0105dania dokument\u00f3w mog\u0105 r\u00f3wnie\u017c ograniczy\u0107 funkcjonalno\u015b\u0107 konta.<\/p>\n<p>Je\u015bli napotkasz trudno\u015bci w dost\u0119pie do swojego konta Bonuskong, skontaktuj si\u0119 z naszym Zespo\u0142em Wsparcia niezw\u0142ocznie. Wieloj\u0119zyczne wsparcie dzia\u0142a przez czat na \u017cywo o ka\u017cdej porze. Nasi specjali\u015bci potwierdz\u0105 Twoj\u0105 to\u017csamo\u015b\u0107 i przeprowadz\u0105 Ci\u0119 przez procedur\u0119 przywracania. Zawieszenia zwi\u0105zane z bezpiecze\u0144stwem mog\u0105 wymaga\u0107 przes\u0142ania dodatkowych dokument\u00f3w, zanim reaktywacja stanie si\u0119 mo\u017cliwa.<\/p>\n<p>Dobrowolne samowykluczenie zainicjowane przez posiadacza konta r\u00f3wnie\u017c prowadzi do ogranicze\u0144 dost\u0119pu. Te okresy wspieraj\u0105 odpowiedzialne nawyki gry i r\u00f3\u017cni\u0105 si\u0119 d\u0142ugo\u015bci\u0105 w zale\u017cno\u015bci od opcji wybranej podczas \u017c\u0105dania.<\/p>\n<h2>FAQ<\/h2>\n<h3>Co powinienem zrobi\u0107, je\u015bli zapomnia\u0142em swojego emaila rejestracyjnego?<\/h3>\n<p>Skontaktuj si\u0119 z Zespo\u0142em Wsparcia Bonus Kong przez czat na \u017cywo lub email. Nasi specjali\u015bci zweryfikuj\u0105 Twoj\u0105 to\u017csamo\u015b\u0107 za pomoc\u0105 alternatywnych \u015brodk\u00f3w, w tym danych osobowych powi\u0105zanych z Twoim kontem lub zapis\u00f3w ostatniej aktywno\u015bci. Po potwierdzeniu pomog\u0105 przywr\u00f3ci\u0107 Tw\u00f3j dost\u0119p.<\/p>\n<h3>Czy Bonuskong login jest bezpieczny?<\/h3>\n<p>Bonuskong login korzysta z szyfrowania SSL 256-bit, chroni\u0105c wszystkie przesy\u0142ane dane. Uwierzytelnianie dwusk\u0142adnikowe oferuje dodatkow\u0105 warstw\u0119 bezpiecze\u0144stwa dla tych, kt\u00f3rzy je w\u0142\u0105cz\u0105. Dane logowania nie s\u0105 automatycznie przechowywane przez nasz system. Podczas gdy przegl\u0105darki mog\u0105 oferowa\u0107 zapami\u0119tanie tych informacji, radzimy u\u017cywa\u0107 takich funkcji tylko na prywatnych urz\u0105dzeniach z ograniczonym dost\u0119pem.<\/p>\n<h3>Dlaczego system ci\u0105gle mnie wylogowuje?<\/h3>\n<p>Automatyczne zako\u0144czenie sesji nast\u0119puje po okresach bezczynno\u015bci jako \u015brodek ochronny. Te limity czasu chroni\u0105 Twoje konto, gdy zostawiasz urz\u0105dzenie bez nadzoru. Niestabilne po\u0142\u0105czenia sieciowe lub usuni\u0119te pliki cookie przegl\u0105darki mog\u0105 r\u00f3wnie\u017c przerywa\u0107 aktywne sesje. Uporczywe problemy z wylogowywaniem pomimo stabilnej \u0142\u0105czno\u015bci cz\u0119sto mo\u017cna rozwi\u0105za\u0107, czyszcz\u0105c pami\u0119\u0107 podr\u0119czn\u0105 przegl\u0105darki. Je\u015bli problemy si\u0119 utrzymuj\u0105, nasz zesp\u00f3\u0142 wsparcia jest gotowy pom\u00f3c.<\/p>\n<\/div><\/div><\/p>\n","protected":false},"excerpt":{"rendered":"<p>Bonuskong Login i Rejestracja Bonuskong login zapewnia natychmiastowy dost\u0119p do kompletnego \u015brodowiska gier online. Dostarczamy zr\u00f3\u017cnicowan\u0105 bibliotek\u0119 gier, niezawodne opcje p\u0142atno\u015bci i profesjonaln\u0105 obs\u0142ug\u0119 klienta. Po zalogowaniu gracze odkrywaj\u0105 platform\u0119 skoncentrowan\u0105 na jako\u015bciowej rozrywce i bezpiecznej grze.<\/p>\n","protected":false},"author":1,"featured_media":0,"parent":0,"menu_order":0,"comment_status":"closed","ping_status":"closed","template":"template-builder.php","meta":{"_acf_changed":false,"inline_featured_image":false,"footnotes":""},"class_list":["post-1486","page","type-page","status-publish","hentry"],"acf":[],"yoast_head":"<!-- This site is optimized with the Yoast SEO plugin v27.3 - https:\/\/yoast.com\/product\/yoast-seo-wordpress\/ -->\n<title>Bonuskong Login \u2013 Zaloguj si\u0119 bezpiecznie do swojego konta w kasynie<\/title>\n<meta name=\"description\" content=\"Bonuskong Login \u2013 zaloguj si\u0119 bezpiecznie do swojego konta w kasynie z szyfrowanym dost\u0119pem i szybk\u0105 weryfikacj\u0105. Zarz\u0105dzaj odzyskiwaniem has\u0142a, ustawieniami profilu i narz\u0119dziami konta \u0142atwo w Bonus Kong.\" \/>\n<meta name=\"robots\" content=\"index, follow, max-snippet:-1, max-image-preview:large, max-video-preview:-1\" \/>\n<link rel=\"canonical\" href=\"https:\/\/bonuskongcasino.com\/pl\/logowanie-i-rejestracja\/\" \/>\n<meta property=\"og:locale\" content=\"pl_PL\" \/>\n<meta property=\"og:type\" content=\"article\" \/>\n<meta property=\"og:title\" content=\"Bonuskong Login \u2013 Zaloguj si\u0119 bezpiecznie do swojego konta w kasynie\" \/>\n<meta property=\"og:description\" content=\"Bonuskong Login \u2013 zaloguj si\u0119 bezpiecznie do swojego konta w kasynie z szyfrowanym dost\u0119pem i szybk\u0105 weryfikacj\u0105. Zarz\u0105dzaj odzyskiwaniem has\u0142a, ustawieniami profilu i narz\u0119dziami konta \u0142atwo w Bonus Kong.\" \/>\n<meta property=\"og:url\" content=\"https:\/\/bonuskongcasino.com\/pl\/logowanie-i-rejestracja\/\" \/>\n<meta property=\"og:site_name\" content=\"bonuskong\" \/>\n<meta property=\"article:modified_time\" content=\"2026-01-20T15:36:41+00:00\" \/>\n<meta name=\"twitter:card\" content=\"summary_large_image\" \/>\n<meta name=\"twitter:label1\" content=\"Est. reading time\" \/>\n\t<meta name=\"twitter:data1\" content=\"1 minuta\" \/>\n<script type=\"application\/ld+json\" class=\"yoast-schema-graph\">{\"@context\":\"https:\\\/\\\/schema.org\",\"@graph\":[{\"@type\":\"WebPage\",\"@id\":\"https:\\\/\\\/bonuskongcasino.com\\\/pl\\\/logowanie-i-rejestracja\\\/\",\"url\":\"https:\\\/\\\/bonuskongcasino.com\\\/pl\\\/logowanie-i-rejestracja\\\/\",\"name\":\"Bonuskong Login \u2013 Zaloguj si\u0119 bezpiecznie do swojego konta w kasynie\",\"isPartOf\":{\"@id\":\"https:\\\/\\\/bonuskongcasino.com\\\/pl\\\/#website\"},\"datePublished\":\"2026-01-20T12:11:11+00:00\",\"dateModified\":\"2026-01-20T15:36:41+00:00\",\"description\":\"Bonuskong Login \u2013 zaloguj si\u0119 bezpiecznie do swojego konta w kasynie z szyfrowanym dost\u0119pem i szybk\u0105 weryfikacj\u0105. Zarz\u0105dzaj odzyskiwaniem has\u0142a, ustawieniami profilu i narz\u0119dziami konta \u0142atwo w Bonus Kong.\",\"breadcrumb\":{\"@id\":\"https:\\\/\\\/bonuskongcasino.com\\\/pl\\\/logowanie-i-rejestracja\\\/#breadcrumb\"},\"inLanguage\":\"pl-PL\",\"potentialAction\":[{\"@type\":\"ReadAction\",\"target\":[\"https:\\\/\\\/bonuskongcasino.com\\\/pl\\\/logowanie-i-rejestracja\\\/\"]}]},{\"@type\":\"BreadcrumbList\",\"@id\":\"https:\\\/\\\/bonuskongcasino.com\\\/pl\\\/logowanie-i-rejestracja\\\/#breadcrumb\",\"itemListElement\":[{\"@type\":\"ListItem\",\"position\":1,\"name\":\"Bonuskong\",\"item\":\"https:\\\/\\\/bonuskongcasino.com\\\/pl\\\/\"},{\"@type\":\"ListItem\",\"position\":2,\"name\":\"Logowanie i rejestracja\"}]},{\"@type\":\"WebSite\",\"@id\":\"https:\\\/\\\/bonuskongcasino.com\\\/pl\\\/#website\",\"url\":\"https:\\\/\\\/bonuskongcasino.com\\\/pl\\\/\",\"name\":\"Bonuskong\",\"description\":\"\",\"publisher\":{\"@id\":\"https:\\\/\\\/bonuskongcasino.com\\\/pl\\\/#organization\"},\"potentialAction\":[{\"@type\":\"SearchAction\",\"target\":{\"@type\":\"EntryPoint\",\"urlTemplate\":\"https:\\\/\\\/bonuskongcasino.com\\\/pl\\\/?s={search_term_string}\"},\"query-input\":{\"@type\":\"PropertyValueSpecification\",\"valueRequired\":true,\"valueName\":\"search_term_string\"}}],\"inLanguage\":\"pl-PL\"},{\"@type\":\"Organization\",\"@id\":\"https:\\\/\\\/bonuskongcasino.com\\\/pl\\\/#organization\",\"name\":\"Bonuskong\",\"url\":\"https:\\\/\\\/bonuskongcasino.com\\\/pl\\\/\",\"logo\":{\"@type\":\"ImageObject\",\"inLanguage\":\"pl-PL\",\"@id\":\"https:\\\/\\\/bonuskongcasino.com\\\/pl\\\/#\\\/schema\\\/logo\\\/image\\\/\",\"url\":\"https:\\\/\\\/bonuskongcasino.com\\\/wp-content\\\/uploads\\\/2026\\\/01\\\/Bonuskong-logo.png\",\"contentUrl\":\"https:\\\/\\\/bonuskongcasino.com\\\/wp-content\\\/uploads\\\/2026\\\/01\\\/Bonuskong-logo.png\",\"width\":60,\"height\":24,\"caption\":\"Bonuskong\"},\"image\":{\"@id\":\"https:\\\/\\\/bonuskongcasino.com\\\/pl\\\/#\\\/schema\\\/logo\\\/image\\\/\"}}]}<\/script>\n<!-- \/ Yoast SEO plugin. -->","yoast_head_json":{"title":"Bonuskong Login \u2013 Zaloguj si\u0119 bezpiecznie do swojego konta w kasynie","description":"Bonuskong Login \u2013 zaloguj si\u0119 bezpiecznie do swojego konta w kasynie z szyfrowanym dost\u0119pem i szybk\u0105 weryfikacj\u0105. Zarz\u0105dzaj odzyskiwaniem has\u0142a, ustawieniami profilu i narz\u0119dziami konta \u0142atwo w Bonus Kong.","robots":{"index":"index","follow":"follow","max-snippet":"max-snippet:-1","max-image-preview":"max-image-preview:large","max-video-preview":"max-video-preview:-1"},"canonical":"https:\/\/bonuskongcasino.com\/pl\/logowanie-i-rejestracja\/","og_locale":"pl_PL","og_type":"article","og_title":"Bonuskong Login \u2013 Zaloguj si\u0119 bezpiecznie do swojego konta w kasynie","og_description":"Bonuskong Login \u2013 zaloguj si\u0119 bezpiecznie do swojego konta w kasynie z szyfrowanym dost\u0119pem i szybk\u0105 weryfikacj\u0105. Zarz\u0105dzaj odzyskiwaniem has\u0142a, ustawieniami profilu i narz\u0119dziami konta \u0142atwo w Bonus Kong.","og_url":"https:\/\/bonuskongcasino.com\/pl\/logowanie-i-rejestracja\/","og_site_name":"bonuskong","article_modified_time":"2026-01-20T15:36:41+00:00","twitter_card":"summary_large_image","twitter_misc":{"Est. reading time":"1 minuta"},"schema":{"@context":"https:\/\/schema.org","@graph":[{"@type":"WebPage","@id":"https:\/\/bonuskongcasino.com\/pl\/logowanie-i-rejestracja\/","url":"https:\/\/bonuskongcasino.com\/pl\/logowanie-i-rejestracja\/","name":"Bonuskong Login \u2013 Zaloguj si\u0119 bezpiecznie do swojego konta w kasynie","isPartOf":{"@id":"https:\/\/bonuskongcasino.com\/pl\/#website"},"datePublished":"2026-01-20T12:11:11+00:00","dateModified":"2026-01-20T15:36:41+00:00","description":"Bonuskong Login \u2013 zaloguj si\u0119 bezpiecznie do swojego konta w kasynie z szyfrowanym dost\u0119pem i szybk\u0105 weryfikacj\u0105. Zarz\u0105dzaj odzyskiwaniem has\u0142a, ustawieniami profilu i narz\u0119dziami konta \u0142atwo w Bonus Kong.","breadcrumb":{"@id":"https:\/\/bonuskongcasino.com\/pl\/logowanie-i-rejestracja\/#breadcrumb"},"inLanguage":"pl-PL","potentialAction":[{"@type":"ReadAction","target":["https:\/\/bonuskongcasino.com\/pl\/logowanie-i-rejestracja\/"]}]},{"@type":"BreadcrumbList","@id":"https:\/\/bonuskongcasino.com\/pl\/logowanie-i-rejestracja\/#breadcrumb","itemListElement":[{"@type":"ListItem","position":1,"name":"Bonuskong","item":"https:\/\/bonuskongcasino.com\/pl\/"},{"@type":"ListItem","position":2,"name":"Logowanie i rejestracja"}]},{"@type":"WebSite","@id":"https:\/\/bonuskongcasino.com\/pl\/#website","url":"https:\/\/bonuskongcasino.com\/pl\/","name":"Bonuskong","description":"","publisher":{"@id":"https:\/\/bonuskongcasino.com\/pl\/#organization"},"potentialAction":[{"@type":"SearchAction","target":{"@type":"EntryPoint","urlTemplate":"https:\/\/bonuskongcasino.com\/pl\/?s={search_term_string}"},"query-input":{"@type":"PropertyValueSpecification","valueRequired":true,"valueName":"search_term_string"}}],"inLanguage":"pl-PL"},{"@type":"Organization","@id":"https:\/\/bonuskongcasino.com\/pl\/#organization","name":"Bonuskong","url":"https:\/\/bonuskongcasino.com\/pl\/","logo":{"@type":"ImageObject","inLanguage":"pl-PL","@id":"https:\/\/bonuskongcasino.com\/pl\/#\/schema\/logo\/image\/","url":"https:\/\/bonuskongcasino.com\/wp-content\/uploads\/2026\/01\/Bonuskong-logo.png","contentUrl":"https:\/\/bonuskongcasino.com\/wp-content\/uploads\/2026\/01\/Bonuskong-logo.png","width":60,"height":24,"caption":"Bonuskong"},"image":{"@id":"https:\/\/bonuskongcasino.com\/pl\/#\/schema\/logo\/image\/"}}]}},"_links":{"self":[{"href":"https:\/\/bonuskongcasino.com\/pl\/wp-json\/wp\/v2\/pages\/1486","targetHints":{"allow":["GET"]}}],"collection":[{"href":"https:\/\/bonuskongcasino.com\/pl\/wp-json\/wp\/v2\/pages"}],"about":[{"href":"https:\/\/bonuskongcasino.com\/pl\/wp-json\/wp\/v2\/types\/page"}],"author":[{"embeddable":true,"href":"https:\/\/bonuskongcasino.com\/pl\/wp-json\/wp\/v2\/users\/1"}],"replies":[{"embeddable":true,"href":"https:\/\/bonuskongcasino.com\/pl\/wp-json\/wp\/v2\/comments?post=1486"}],"version-history":[{"count":1,"href":"https:\/\/bonuskongcasino.com\/pl\/wp-json\/wp\/v2\/pages\/1486\/revisions"}],"predecessor-version":[{"id":1795,"href":"https:\/\/bonuskongcasino.com\/pl\/wp-json\/wp\/v2\/pages\/1486\/revisions\/1795"}],"wp:attachment":[{"href":"https:\/\/bonuskongcasino.com\/pl\/wp-json\/wp\/v2\/media?parent=1486"}],"curies":[{"name":"wp","href":"https:\/\/api.w.org\/{rel}","templated":true}]}}